{"id":36,"date":"2024-06-06T23:11:46","date_gmt":"2024-06-06T23:11:46","guid":{"rendered":"https:\/\/unidem.ceavirtual.org\/?page_id=36"},"modified":"2024-06-13T20:29:51","modified_gmt":"2024-06-13T20:29:51","slug":"politicadeprivacidad","status":"publish","type":"page","link":"https:\/\/unidem.ceavirtual.org\/index.php\/politicadeprivacidad\/","title":{"rendered":"Pol\u00edticadeprivacidad"},"content":{"rendered":"\t\t<div data-elementor-type=\"wp-page\" data-elementor-id=\"36\" class=\"elementor elementor-36\" data-elementor-post-type=\"page\">\n\t\t\t\t<div class=\"elementor-element elementor-element-9f280d0 e-flex e-con-boxed e-con e-parent\" data-id=\"9f280d0\" data-element_type=\"container\">\n\t\t\t\t\t<div class=\"e-con-inner\">\n\t\t\t\t<div class=\"elementor-element elementor-element-21c6efe elementor-widget elementor-widget-text-editor\" data-id=\"21c6efe\" data-element_type=\"widget\" data-widget_type=\"text-editor.default\">\n\t\t\t\t<div class=\"elementor-widget-container\">\n\t\t\t<style>\/*! elementor - v3.21.0 - 26-05-2024 *\/\n.elementor-widget-text-editor.elementor-drop-cap-view-stacked .elementor-drop-cap{background-color:#69727d;color:#fff}.elementor-widget-text-editor.elementor-drop-cap-view-framed .elementor-drop-cap{color:#69727d;border:3px solid;background-color:transparent}.elementor-widget-text-editor:not(.elementor-drop-cap-view-default) .elementor-drop-cap{margin-top:8px}.elementor-widget-text-editor:not(.elementor-drop-cap-view-default) .elementor-drop-cap-letter{width:1em;height:1em}.elementor-widget-text-editor .elementor-drop-cap{float:left;text-align:center;line-height:1;font-size:50px}.elementor-widget-text-editor .elementor-drop-cap-letter{display:inline-block}<\/style>\t\t\t\t<div data-id=\"561d9f9\" data-element_type=\"widget\" data-widget_type=\"heading.default\"><div><h2><span style=\"vertical-align: inherit;\"><span style=\"vertical-align: inherit;\">POL\u00cdTICA DE PRIVACIDAD<\/span><\/span><\/h2><\/div><\/div><div data-id=\"60946cc\" data-element_type=\"widget\" data-widget_type=\"text-editor.default\"><div><div><p><span style=\"vertical-align: inherit;\"><span style=\"vertical-align: inherit;\">La presente p\u00e1gina describe la pol\u00edtica de privacidad de los sitios web <\/span><\/span><a href=\"http:\/\/unidem.ceavirtual.org\"><span style=\"vertical-align: inherit;\"><span style=\"vertical-align: inherit;\">unidem.ceavirtual.org<\/span><\/span><\/a><span style=\"vertical-align: inherit;\"><span style=\"vertical-align: inherit;\"> , <\/span><\/span><a href=\"http:\/\/psicologia.ceavirtual.org\"><span style=\"vertical-align: inherit;\"><span style=\"vertical-align: inherit;\">psicologia.ceavirtual.org<\/span><\/span><\/a><span style=\"vertical-align: inherit;\"><span style=\"vertical-align: inherit;\"> , <\/span><\/span><a href=\"http:\/\/cp.ceavirtual.org\"><span style=\"vertical-align: inherit;\"><span style=\"vertical-align: inherit;\">cp.ceavirtual.org<\/span><\/span><\/a><span style=\"vertical-align: inherit;\"><span style=\"vertical-align: inherit;\"> , <\/span><\/span><a href=\"http:\/\/administracion.ceavirtual.org\"><span style=\"vertical-align: inherit;\"><span style=\"vertical-align: inherit;\">administracion.ceavirtual.org<\/span><\/span><\/a><span style=\"vertical-align: inherit;\"><span style=\"vertical-align: inherit;\"> , <\/span><\/span><a href=\"http:\/\/mais.ceavirtual.org\"><span style=\"vertical-align: inherit;\"><span style=\"vertical-align: inherit;\">mais.ceavirtual.org<\/span><\/span><\/a><span style=\"vertical-align: inherit;\"><span style=\"vertical-align: inherit;\"> , <\/span><\/span><a href=\"http:\/\/doctoradoeducacion.ceavirtual.org\"><span style=\"vertical-align: inherit;\"><span style=\"vertical-align: inherit;\">doctoradoeducacion.ceavirtual.org<\/span><\/span><\/a><span style=\"vertical-align: inherit;\"><span style=\"vertical-align: inherit;\"> (en adelante \u201cSITIO WEB\u201d), del cual es titular Grupo Nahil Xook SC (en adelante \u201cTITULAR\u201d). Al visitar y usar este SITIO WEB, el visitante o usuario (en adelante \u201cUSUARIO\u201d) acepta esta pol\u00edtica de privacidad en su totalidad. La informaci\u00f3n y t\u00e9rminos de esta pol\u00edtica est\u00e1n sujetos a cambios en cualquier momento y se le recomienda al USUARIO visitar esta p\u00e1gina constantemente.<\/span><\/span><\/p><p><span style=\"vertical-align: inherit;\"><span style=\"vertical-align: inherit;\">En est\u00e1 p\u00e1gina se describe un detalle la manera en que el TITULAR recopila, usa y protege los datos personales de los visitantes y usuarios del SITIO WEB.<\/span><\/span><\/p><p><span style=\"vertical-align: inherit;\"><span style=\"vertical-align: inherit;\">El TITULAR est\u00e1 comprometido con la seguridad de los datos personales del USUARIO adhiri\u00e9ndose a todos los t\u00e9rminos de esta pol\u00edtica de privacidad, los cuales se detallan a continuaci\u00f3n:<\/span><\/span><\/p><\/div><\/div><\/div><div data-id=\"8424501\" data-element_type=\"widget\" data-widget_type=\"heading.default\"><div><h5>\u00a0<\/h5><div>\u00a0<\/div><h5><span style=\"vertical-align: inherit;\"><span style=\"vertical-align: inherit;\">1. \u00bfQUE TIPO DE DATOS PERSONALES RECOPILAMOS DE NUESTROS USUARIOS?<\/span><\/span><\/h5><\/div><\/div><div data-id=\"e95d381\" data-element_type=\"widget\" data-widget_type=\"text-editor.default\"><div><div><ul><li><span style=\"vertical-align: inherit;\"><span style=\"vertical-align: inherit;\">Nombre, tel\u00e9fono y correo electr\u00f3nico.<\/span><\/span><\/li><\/ul><\/div><\/div><\/div><div data-id=\"6b0e6e0\" data-element_type=\"widget\" data-widget_type=\"heading.default\"><div><h5>\u00a0<\/h5><div>\u00a0<\/div><h5><span style=\"vertical-align: inherit;\"><span style=\"vertical-align: inherit;\">2. \u00bfCU\u00c1NDO Y C\u00d3MO SE RECOPILAN LOS DATOS PERSONALES?<\/span><\/span><\/h5><\/div><\/div><div data-id=\"649cd5c\" data-element_type=\"widget\" data-widget_type=\"text-editor.default\"><div><div><ul><li><span style=\"vertical-align: inherit;\"><span style=\"vertical-align: inherit;\">Cuando el USUARIO en el SITIO WEB llena alg\u00fan formulario de contacto o bolet\u00edn de suscripci\u00f3n, nos autoriza a recopilar su nombre, tel\u00e9fono y correo electr\u00f3nico.<\/span><\/span><\/li><\/ul><\/div><\/div><\/div><div data-id=\"545028c\" data-element_type=\"widget\" data-widget_type=\"heading.default\"><div><h5>\u00a0<\/h5><h5>\u00a0<\/h5><h5><span style=\"vertical-align: inherit;\"><span style=\"vertical-align: inherit;\">3. \u00bfQU\u00c9 USO LE DA EL TITULAR A LOS DATOS PERSONALES DEL USUARIO?<\/span><\/span><\/h5><\/div><\/div><div data-id=\"fceca7a\" data-element_type=\"widget\" data-widget_type=\"text-editor.default\"><div><div><ul><li><span style=\"vertical-align: inherit;\"><span style=\"vertical-align: inherit;\">El TITULAR recopila los datos personales con el objetivo de poder brindarle al USUARIO informaci\u00f3n relacionada a sus intereses personales y\/o informaci\u00f3n relacionada con los servicios de inter\u00e9s para el USUARIO.<\/span><\/span><\/li><li><span style=\"vertical-align: inherit;\"><span style=\"vertical-align: inherit;\">El TITULAR env\u00eda comunicaciones v\u00eda correo electr\u00f3nico con mensajes importantes sobre mensajes promocionales de los servicios del SITIO WEB.<\/span><\/span><\/li><li><span style=\"vertical-align: inherit;\"><span style=\"vertical-align: inherit;\">El TITULAR env\u00eda productos acad\u00e9micos en forma personalizada, seg\u00fan el USUARIO lo solicite.<\/span><\/span><\/li><li><span style=\"vertical-align: inherit;\"><span style=\"vertical-align: inherit;\">El TITULAR hace uso de los datos en control escolar en procesos estrictamente oficiales si el USUARIO se inscribe a alguno de nuestros <\/span><\/span><br \/><span style=\"vertical-align: inherit;\"><span style=\"vertical-align: inherit;\">programas. En tal caso hacemos de su conocimiento que los datos del USUARIO podr\u00e1n ser transferidos a <\/span><\/span><br \/><span style=\"vertical-align: inherit;\"><span style=\"vertical-align: inherit;\">entidades de gobierno con el objetivo general de cumplir con las finalidades para las que nos <\/span><\/span><br \/><span style=\"vertical-align: inherit;\"><span style=\"vertical-align: inherit;\">ha proporcionado sus datos. En caso de que no obtengamos su oposici\u00f3n expresa para que <\/span><\/span><br \/><span style=\"vertical-align: inherit;\"><span style=\"vertical-align: inherit;\">sus datos personales sean transferidos en la forma y t\u00e9rminos antes descritos, entenderemos <\/span><\/span><br \/><span style=\"vertical-align: inherit;\"><span style=\"vertical-align: inherit;\">que ha otorgado al USUARIO su consentimiento en forma t\u00e1cita para ello.<\/span><\/span><\/li><\/ul><\/div><\/div><\/div><div data-id=\"8c5bc1a\" data-element_type=\"widget\" data-widget_type=\"heading.default\"><div><h5>\u00a0<\/h5><h5>\u00a0<\/h5><h5><span style=\"vertical-align: inherit;\"><span style=\"vertical-align: inherit;\">4. \u00bfC\u00d3MO PROTEGEMOS LA INFORMACI\u00d3N DEL USUARIO?<\/span><\/span><\/h5><\/div><\/div><div data-id=\"f930edd\" data-element_type=\"widget\" data-widget_type=\"text-editor.default\"><div><div><ul><li><span style=\"vertical-align: inherit;\"><span style=\"vertical-align: inherit;\">En ning\u00fan momento, el TITULAR compartir\u00e1 o ceder\u00e1 los datos personales del USUARIO con terceros, salvo en aquellos casos que la ley lo exija.<\/span><\/span><\/li><li><span style=\"vertical-align: inherit;\"><span style=\"vertical-align: inherit;\">Los datos personales del usuario se guardan en los servidores del SITIO WEB, los cuales est\u00e1n libres de virus, protegidos con cortafuegos y monitoreados por profesionales.<\/span><\/span><\/li><li><span style=\"vertical-align: inherit;\"><span style=\"vertical-align: inherit;\">En el caso fortuito de que se presente un hackeo o robo de la informaci\u00f3n personal del USUARIO, el TITULAR notificar\u00e1 al USUARIO de inmediata v\u00eda correo electr\u00f3nico y notificar\u00e1 a las autoridades pertinentes para lograr minimizar el impacto negativo que de lugar.<\/span><\/span><\/li><\/ul><\/div><\/div><\/div><div data-id=\"4a70205\" data-element_type=\"widget\" data-widget_type=\"heading.default\"><div><h5>\u00a0<\/h5><h5>\u00a0<\/h5><h5><span style=\"vertical-align: inherit;\"><span style=\"vertical-align: inherit;\">5. \u00bfCOMO ACTUALIZAR O ELIMINAR SU INFORMACI\u00d3N PERSONAL?<\/span><\/span><\/h5><\/div><\/div><div data-id=\"cd21092\" data-element_type=\"widget\" data-widget_type=\"text-editor.default\"><div><div><ul><li><span style=\"vertical-align: inherit;\"><span style=\"vertical-align: inherit;\">En cualquier momento el USUARIO puede solicitar una actualizaci\u00f3n o eliminaci\u00f3n de los datos personales almacenados en el sitio web, llenando el formulario de contacto en el SITIO WEB.<\/span><\/span><\/li><li><span style=\"vertical-align: inherit;\"><span style=\"vertical-align: inherit;\">El USUARIO tambi\u00e9n podr\u00e1 desuscribirse en cualquier momento de las comunicaciones por correo electr\u00f3nico haciendo clic en el enlace de \u201cdescripci\u00f3n\u201d ubicado al final de los correos.<\/span><\/span><\/li><\/ul><\/div><\/div><\/div><div data-id=\"e17ac77\" data-element_type=\"widget\" data-widget_type=\"heading.default\"><div><h5>\u00a0<\/h5><h5>\u00a0<\/h5><h5><span style=\"vertical-align: inherit;\"><span style=\"vertical-align: inherit;\">6. ENLACES A TERCEROS<\/span><\/span><\/h5><\/div><\/div><div data-id=\"b623634\" data-element_type=\"widget\" data-widget_type=\"text-editor.default\"><div><div><span style=\"vertical-align: inherit;\"><span style=\"vertical-align: inherit;\">El SITIO WEB incluye enlaces a p\u00e1ginas web de terceros y el TITULAR no se hace responsable de ning\u00fan resultado directo o indirecto derivado de la visita a esas p\u00e1ginas web externas. Se le recomienda al USUARIO leer las pol\u00edticas de privacidad y los t\u00e9rminos y condiciones de las p\u00e1ginas web externas.<\/span><\/span><\/div><\/div><\/div><div data-id=\"7825d46\" data-element_type=\"widget\" data-widget_type=\"heading.default\"><div><h5>\u00a0<\/h5><h5>\u00a0<\/h5><h5><span style=\"vertical-align: inherit;\"><span style=\"vertical-align: inherit;\">7. PASARELAS DE PAGO E INFORMACI\u00d3N FINANCIERA<\/span><\/span><\/h5><\/div><\/div><div data-id=\"0f82ed2\" data-element_type=\"widget\" data-widget_type=\"text-editor.default\"><div><div><p><span style=\"vertical-align: inherit;\"><span style=\"vertical-align: inherit;\">El SITIO WEB no hace uso de pasarelas de pago externas.<\/span><\/span><\/p><\/div><\/div><\/div><div data-id=\"174dce6\" data-element_type=\"widget\" data-widget_type=\"heading.default\"><div><h5>\u00a0<\/h5><h5>\u00a0<\/h5><h5><span style=\"vertical-align: inherit;\"><span style=\"vertical-align: inherit;\">8. GALLETAS<\/span><\/span><\/h5><\/div><\/div><div data-id=\"5b3b0cd\" data-element_type=\"widget\" data-widget_type=\"text-editor.default\"><div><div><p><span style=\"vertical-align: inherit;\"><span style=\"vertical-align: inherit;\">En t\u00e9rminos simples, las cookies son archivos pertenecientes al SITIO WEB oa programas y p\u00e1ginas de terceros que quedan grabados en el navegador del usuario y le permiten al TITULAR saber cosas como cu\u00e1nto tiempo pasa el USUARIO en el SITIO WEB, qu\u00e9 p\u00e1ginas visita, de qu\u00e9 pa\u00eds es, qu\u00e9 dispositivo tiene, etc.. etc..\u00a0<\/span><\/span><\/p><p><span style=\"vertical-align: inherit;\"><span style=\"vertical-align: inherit;\">En cualquier momento puedes borrar todas las cookies de tu navegador o puedes visitar nuestro sitio web en sesi\u00f3n inc\u00f3gnita para que las cookies no queden grabadas en tu navegador. El hecho de que borres las cookies o navegues en sesi\u00f3n inc\u00f3gnita puede afectar negativamente tu experiencia en el SITIO WEB ya que no podremos personalizar tu experiencia.<\/span><\/span><\/p><\/div><\/div><\/div><div data-id=\"0213721\" data-element_type=\"widget\" data-widget_type=\"heading.default\"><div><h5>\u00a0<\/h5><h5>\u00a0<\/h5><h5><span style=\"vertical-align: inherit;\"><span style=\"vertical-align: inherit;\">9. COOKIES DE TERCEROS:<\/span><\/span><\/h5><\/div><\/div><div data-id=\"0aa0bef\" data-element_type=\"widget\" data-widget_type=\"text-editor.default\"><div><div><p><span style=\"vertical-align: inherit;\"><span style=\"vertical-align: inherit;\">Google Analytics: El TITULAR utiliza Google Analytics para llevar un seguimiento del comportamiento de los USUARIOS en el SITIO WEB y crear un perfil demogr\u00e1fico con miras a la optimizaci\u00f3n y buen rendimiento del SITIO WEB en general.<\/span><\/span><\/p><p><a href=\"https:\/\/support.google.com\/analytics\/answer\/6004245?hl=es\" target=\"_blank\" rel=\"noopener nofollow\"><span style=\"vertical-align: inherit;\"><span style=\"vertical-align: inherit;\">Ver la pol\u00edtica de protecci\u00f3n de datos de Google Analytics e informaci\u00f3n general<\/span><\/span><\/a><\/p><p><span style=\"vertical-align: inherit;\"><span style=\"vertical-align: inherit;\">Facebook Ads: El TITULAR realiza campa\u00f1as de publicidad en la plataforma de Facebook Ads, la cual inserta determinadas cookies en el navegador del USUARIO con el objetivo de mostrarle anuncios de publicidad relevantes e interesantes.<\/span><\/span><\/p><p><span style=\"vertical-align: inherit;\"><span style=\"vertical-align: inherit;\">Pol\u00edtica de Cookies de Facebook Ads:\u00a0 <\/span><\/span><a href=\"https:\/\/web.facebook.com\/policy\/cookies\/?_rdc=1&amp;_rdr\" target=\"_blank\" rel=\"noopener nofollow\"><span style=\"vertical-align: inherit;\"><span style=\"vertical-align: inherit;\">https:\/\/web.facebook.com\/policy\/cookies\/?_rdc=1&amp;_rdr<\/span><\/span><\/a><\/p><p><span style=\"vertical-align: inherit;\"><span style=\"vertical-align: inherit;\">Google Ads: El TITULAR realiza campa\u00f1as de publicidad en la plataforma de Google Ads, la cual inserta determinadas cookies en el navegador del USUARIO con el objetivo de mostrarle anuncios de publicidad relevantes e interesantes.<\/span><\/span><\/p><p><span style=\"vertical-align: inherit;\"><span style=\"vertical-align: inherit;\">Privacidad y condiciones de la publicidad de Google: <\/span><\/span><br \/><a href=\"https:\/\/policies.google.com\/technologies\/ads?hl=es\" target=\"_blank\" rel=\"noopener nofollow\"><span style=\"vertical-align: inherit;\"><span style=\"vertical-align: inherit;\">https:\/\/policies.google.com\/technologies\/ads?hl=es<\/span><\/span><\/a><\/p><p><span style=\"vertical-align: inherit;\"><span style=\"vertical-align: inherit;\">P\u00e1gina de ajustes de publicidad de Google: <\/span><\/span><br \/><a href=\"http:\/\/www.google.com\/settings\/ads\" target=\"_blank\" rel=\"noopener nofollow\"><span style=\"vertical-align: inherit;\"><span style=\"vertical-align: inherit;\">http:\/\/www.google.com\/settings\/ads<\/span><\/span><\/a><\/p><p><a href=\"http:\/\/www.networkadvertising.org\/managing\/opt_out.asp\" target=\"_blank\" rel=\"noopener nofollow\"><span style=\"vertical-align: inherit;\"><span style=\"vertical-align: inherit;\">Haga clic aqu\u00ed para eliminar las cookies de marketing de Google y de otras redes publicitarias:<\/span><\/span><\/a><\/p><\/div><\/div><\/div>\t\t\t\t\t\t<\/div>\n\t\t\t\t<\/div>\n\t\t\t\t\t<\/div>\n\t\t\t\t<\/div>\n\t\t\t\t<\/div>\n\t\t","protected":false},"excerpt":{"rendered":"<p>POL\u00cdTICA DE PRIVACIDAD La presente p\u00e1gina describe la pol\u00edtica de privacidad de los sitios web unidem.ceavirtual.org , psicologia.ceavirtual.org , cp.ceavirtual.org , administracion.ceavirtual.org , mais.ceavirtual.org , doctoradoeducacion.ceavirtual.org (en adelante \u201cSITIO WEB\u201d), del cual es titular Grupo Nahil Xook SC (en adelante \u201cTITULAR\u201d). Al visitar y usar este SITIO WEB, el visitante o usuario (en adelante \u201cUSUARIO\u201d) [&hellip;]<\/p>\n","protected":false},"author":1,"featured_media":0,"parent":0,"menu_order":0,"comment_status":"closed","ping_status":"closed","template":"","meta":{"footnotes":""},"class_list":["post-36","page","type-page","status-publish","hentry"],"_links":{"self":[{"href":"https:\/\/unidem.ceavirtual.org\/index.php\/wp-json\/wp\/v2\/pages\/36","targetHints":{"allow":["GET"]}}],"collection":[{"href":"https:\/\/unidem.ceavirtual.org\/index.php\/wp-json\/wp\/v2\/pages"}],"about":[{"href":"https:\/\/unidem.ceavirtual.org\/index.php\/wp-json\/wp\/v2\/types\/page"}],"author":[{"embeddable":true,"href":"https:\/\/unidem.ceavirtual.org\/index.php\/wp-json\/wp\/v2\/users\/1"}],"replies":[{"embeddable":true,"href":"https:\/\/unidem.ceavirtual.org\/index.php\/wp-json\/wp\/v2\/comments?post=36"}],"version-history":[{"count":16,"href":"https:\/\/unidem.ceavirtual.org\/index.php\/wp-json\/wp\/v2\/pages\/36\/revisions"}],"predecessor-version":[{"id":182,"href":"https:\/\/unidem.ceavirtual.org\/index.php\/wp-json\/wp\/v2\/pages\/36\/revisions\/182"}],"wp:attachment":[{"href":"https:\/\/unidem.ceavirtual.org\/index.php\/wp-json\/wp\/v2\/media?parent=36"}],"curies":[{"name":"wp","href":"https:\/\/api.w.org\/{rel}","templated":true}]}}